{"id":83294,"date":"2020-06-04T19:09:06","date_gmt":"2020-06-04T19:09:06","guid":{"rendered":"http:\/\/www.talentvalues.net\/team\/"},"modified":"2026-01-05T13:04:52","modified_gmt":"2026-01-05T13:04:52","slug":"team","status":"publish","type":"page","link":"https:\/\/www.talentvalues.net\/it\/team\/","title":{"rendered":"Team"},"content":{"rendered":"<div class=\"wpb-content-wrapper\"><p>[vc_row unlock_row_content=&#8221;yes&#8221; row_height_percent=&#8221;0&#8243; override_padding=&#8221;yes&#8221; h_padding=&#8221;2&#8243; top_padding=&#8221;5&#8243; bottom_padding=&#8221;0&#8243; overlay_alpha=&#8221;0&#8243; gutter_size=&#8221;100&#8243; column_width_percent=&#8221;100&#8243; shift_y=&#8221;0&#8243; z_index=&#8221;0&#8243; style=&#8221;inherited&#8221; el_id=&#8221;about&#8221;][vc_column column_width_percent=&#8221;100&#8243; align_horizontal=&#8221;align_center&#8221; gutter_size=&#8221;4&#8243; overlay_alpha=&#8221;100&#8243; shift_x=&#8221;0&#8243; shift_y=&#8221;0&#8243; z_index=&#8221;0&#8243; medium_width=&#8221;0&#8243; zoom_width=&#8221;0&#8243; zoom_height=&#8221;0&#8243; width=&#8221;1\/1&#8243;][vc_custom_heading text_size=&#8221;fontsize-338686&#8243; text_weight=&#8221;100&#8243; text_space=&#8221;fontspace-781688&#8243; el_class=&#8221;sf_thin&#8221; uncode_shortcode_id=&#8221;412318&#8243;]Nice to <span class=\"rd\">meet you<\/span>[\/vc_custom_heading][vc_row_inner row_inner_height_percent=&#8221;0&#8243; force_width_grid=&#8221;yes&#8221; overlay_alpha=&#8221;100&#8243; gutter_size=&#8221;3&#8243; shift_y=&#8221;0&#8243; z_index=&#8221;0&#8243; limit_content=&#8221;&#8221; el_class=&#8221;top_margin_ten&#8221;][vc_column_inner column_width_use_pixel=&#8221;yes&#8221; align_horizontal=&#8221;align_center&#8221; gutter_size=&#8221;3&#8243; overlay_alpha=&#8221;100&#8243; shift_x=&#8221;0&#8243; shift_y=&#8221;0&#8243; shift_y_down=&#8221;0&#8243; z_index=&#8221;0&#8243; medium_width=&#8221;0&#8243; mobile_width=&#8221;0&#8243; zoom_width=&#8221;0&#8243; zoom_height=&#8221;0&#8243; mobile_width_full=&#8221;&#8221; width=&#8221;1\/1&#8243; column_width_pixel=&#8221;1000&#8243;][vc_custom_heading text_font=&#8221;font-762333&#8243; text_transform=&#8221;capitalize&#8221; text_space=&#8221;fontspace-111509&#8243; sub_lead=&#8221;yes&#8221; sub_reduced=&#8221;yes&#8221; text_align=&#8221;text-center&#8221; text_serif=&#8221;&#8221; subheading=&#8221;Siamo un team multiculturale e multidisciplinare con una vera passione per il nostro mestiere. Svolgiamo le nostre missioni di head hunting \/ exective search in tutto il mondo con un particolare interesse per il comportamento umano e i fattori di successo sul lavoro.<\/p>\n<p>La nostra competenza si basa sul nostro background internazionale combinato con pi\u00f9 di 20 anni di esperienza a stretto contatto con le posizioni per le quali reclutiamo. Consideriamo la nostra cultura internazionale come un vero vantaggio competitivo. In effetti, le nostre prospettive ci consentono di abbattere le barriere culturali e creare abbinamenti perfetti tra candidati e aziende ovunque si trovino sul pianeta!<\/p>\n<p>Il nostro team parla correntemente francese, inglese, spagnolo, italiano ed ebraico &#8211; scrivici un messaggio \/ mot \/ word \/ mensaje \/ \u05de\u05d9\u05dc\u05d4 \ud83d\ude09&#8221; el_class=&#8221;sf_light_intro&#8221;][\/vc_custom_heading][\/vc_column_inner][\/vc_row_inner][\/vc_column][\/vc_row][vc_row unlock_row=&#8221;&#8221; row_height_percent=&#8221;0&#8243; override_padding=&#8221;yes&#8221; h_padding=&#8221;2&#8243; top_padding=&#8221;5&#8243; bottom_padding=&#8221;6&#8243; overlay_alpha=&#8221;0&#8243; gutter_size=&#8221;100&#8243; column_width_percent=&#8221;100&#8243; shift_y=&#8221;0&#8243; z_index=&#8221;0&#8243; style=&#8221;inherited&#8221; el_id=&#8221;about&#8221;][vc_column column_width_percent=&#8221;100&#8243; align_horizontal=&#8221;align_center&#8221; gutter_size=&#8221;4&#8243; overlay_alpha=&#8221;100&#8243; shift_x=&#8221;0&#8243; shift_y=&#8221;0&#8243; z_index=&#8221;0&#8243; medium_width=&#8221;0&#8243; zoom_width=&#8221;0&#8243; zoom_height=&#8221;0&#8243; width=&#8221;1\/1&#8243;][vc_custom_heading text_size=&#8221;fontsize-192627&#8243; text_weight=&#8221;700&#8243; text_space=&#8221;fontspace-781688&#8243; el_class=&#8221;sf_semibold&#8221; uncode_shortcode_id=&#8221;851572&#8243;]4 motivi per lavorare con noi[\/vc_custom_heading][vc_row_inner row_inner_height_percent=&#8221;0&#8243; overlay_alpha=&#8221;50&#8243; gutter_size=&#8221;3&#8243; shift_y=&#8221;0&#8243; z_index=&#8221;0&#8243; limit_content=&#8221;&#8221; el_class=&#8221;intro_tp&#8221;][vc_column_inner width=&#8221;1\/4&#8243;][vc_custom_heading text_color=&#8221;color-jevc&#8221; heading_semantic=&#8221;h3&#8243; text_size=&#8221;h3&#8243; sub_reduced=&#8221;yes&#8221; subheading=&#8221;Siamo rapidi e agili<\/p>\n<hr \/>\n<p>&#8221; text_align=&#8221;text-left&#8221; text_serif=&#8221;&#8221; text_uppercase=&#8221;&#8221; el_class=&#8221;team_grid_head&#8221;]#1[\/vc_custom_heading][vc_column_text el_class=&#8221;team_grid_txt&#8221;]Siamo una societ\u00e0 di executive search a misura d&#8217;uomo, il che ci consente di rispondere rapidamente ai nostri clienti e di prestare accurata attenzione a ciascuno dei nostri incarichi di ricerca.[\/vc_column_text][\/vc_column_inner][vc_column_inner width=&#8221;1\/4&#8243;][vc_custom_heading text_color=&#8221;color-jevc&#8221; heading_semantic=&#8221;h3&#8243; text_size=&#8221;fontsize-182539&#8243; sub_reduced=&#8221;yes&#8221; subheading=&#8221;Passiamo dalle parole ai fatti<\/p>\n<hr \/>\n<p>&#8221; text_align=&#8221;text-left&#8221; text_serif=&#8221;&#8221; text_uppercase=&#8221;&#8221; el_class=&#8221;team_grid_head&#8221;]#2[\/vc_custom_heading][vc_column_text el_class=&#8221;team_grid_txt&#8221;]Che si tratti di consigliare i clienti sul modo migliore di investire nei loro team o di consigliare i candidati su una opportunit\u00e0 di lavoro, la posta in gioco \u00e8 troppo alta secondo noi per farlo giusto bene. Quindi pensiamo in grande, lavoriamo sodo e forniamo risultati con etica e una vera ambizione all&#8217;eccellenza.[\/vc_column_text][\/vc_column_inner][vc_column_inner width=&#8221;1\/4&#8243;][vc_custom_heading text_color=&#8221;color-jevc&#8221; heading_semantic=&#8221;h3&#8243; text_size=&#8221;fontsize-182539&#8243; sub_reduced=&#8221;yes&#8221; subheading=&#8221;L&#8217;internazionale \u00e8 nel nostro DNA<\/p>\n<hr \/>\n<p>&#8221; text_align=&#8221;text-left&#8221; text_serif=&#8221;&#8221; text_uppercase=&#8221;&#8221; el_class=&#8221;team_grid_head&#8221;]#3[\/vc_custom_heading][vc_column_text el_class=&#8221;team_grid_txt&#8221;]Siamo tutte cresciuti in paesi diversi e parliamo correntemente 5 lingue. Ci\u00f2 significa che siamo in grado di decodificare le interazioni umane e le dinamiche sociali in vari contesti culturali.[\/vc_column_text][\/vc_column_inner][vc_column_inner width=&#8221;1\/4&#8243;][vc_custom_heading text_color=&#8221;color-jevc&#8221; heading_semantic=&#8221;h3&#8243; text_size=&#8221;fontsize-182539&#8243; sub_reduced=&#8221;yes&#8221; subheading=&#8221;Tiriamo fuori il meglio di voi<\/p>\n<hr \/>\n<p>&#8221; text_align=&#8221;text-left&#8221; text_serif=&#8221;&#8221; text_uppercase=&#8221;&#8221; el_class=&#8221;team_grid_head&#8221;]#4[\/vc_custom_heading][vc_column_text el_class=&#8221;team_grid_txt&#8221;]Pi\u00f9 che mai, un approccio personalizzato e ben markettato \u00e8 la chiave del successo di un recruitment. Uno dei nostri pi\u00f9 grandi punti di forza \u00e8 la nostra capacit\u00e0 creare uno storytelling che traduce e chiarisce la vostra realt\u00e0 per attirare i migliori talenti senza mai abbellire inutilmente le cose.[\/vc_column_text][\/vc_column_inner][\/vc_row_inner][\/vc_column][\/vc_row][vc_row row_height_percent=&#8221;0&#8243; override_padding=&#8221;yes&#8221; h_padding=&#8221;0&#8243; top_padding=&#8221;0&#8243; bottom_padding=&#8221;0&#8243; overlay_alpha=&#8221;50&#8243; equal_height=&#8221;yes&#8221; gutter_size=&#8221;0&#8243; column_width_percent=&#8221;100&#8243; shift_y=&#8221;0&#8243; z_index=&#8221;0&#8243; el_class=&#8221;team_full_row&#8221; row_height_pixel=&#8221;200&#8243;][vc_column column_width_percent=&#8221;100&#8243; position_vertical=&#8221;middle&#8221; gutter_size=&#8221;3&#8243; back_image=&#8221;84232&#8243; overlay_alpha=&#8221;50&#8243; shift_x=&#8221;0&#8243; shift_y=&#8221;0&#8243; shift_y_down=&#8221;0&#8243; z_index=&#8221;0&#8243; medium_width=&#8221;0&#8243; mobile_width=&#8221;0&#8243; width=&#8221;1\/2&#8243; el_class=&#8221;team_pic_sec&#8221; uncode_shortcode_id=&#8221;107459&#8243;][\/vc_column][vc_column column_width_percent=&#8221;100&#8243; gutter_size=&#8221;3&#8243; back_color=&#8221;color-910131&#8243; overlay_alpha=&#8221;50&#8243; shift_x=&#8221;0&#8243; shift_y=&#8221;0&#8243; shift_y_down=&#8221;0&#8243; z_index=&#8221;0&#8243; medium_width=&#8221;0&#8243; mobile_width=&#8221;0&#8243; width=&#8221;1\/2&#8243; el_class=&#8221;team_details_sec one_auto_h&#8221;][vc_custom_heading text_color=&#8221;color-jevc&#8221; text_size=&#8221;&#8221; el_class=&#8221;team_name&#8221;]Orit Suleyman[\/vc_custom_heading][vc_column_text el_class=&#8221;team_desc&#8221; uncode_shortcode_id=&#8221;330864&#8243;]<strong>Fondatrice e amministratore delegato. <\/strong>Cittadina del mondo, Orit ha vissuto in 3 paesi e parla 5 lingue: la multiculturalit\u00e0 \u00e8 nel suo DNA e la sua comprensione delle persone non conosce confini !<\/p>\n<p>Appassionata di temi legati alla motivazione delle persone e a quello che li porta a dedicarsi al successo delle aziende, Orit ha creato Talent &amp; Values \u200b\u200bnel 2007, desiderosa di muovere le linee e di reclutare in modo diverso. Ora sta andando oltre sponsorizzando un progetto sull&#8217;agilit\u00e0 nel mondo del lavoro in collaborazione con l&#8217;Universit\u00e0 Paris Descartes, intorno alle nuove posture che supporteranno il successo di domani.[\/vc_column_text][vc_column_text el_class=&#8221;team_red_note&#8221;]\u201cI never dreamed of success. I worked for it.\u201d Est\u00e9e Lauder[\/vc_column_text][\/vc_column][\/vc_row][vc_row row_height_percent=&#8221;0&#8243; override_padding=&#8221;yes&#8221; h_padding=&#8221;0&#8243; top_padding=&#8221;0&#8243; bottom_padding=&#8221;0&#8243; overlay_alpha=&#8221;50&#8243; equal_height=&#8221;yes&#8221; gutter_size=&#8221;0&#8243; column_width_percent=&#8221;100&#8243; shift_y=&#8221;0&#8243; z_index=&#8221;0&#8243; content_parallax=&#8221;0&#8243; el_class=&#8221;team_full_row&#8221; row_height_pixel=&#8221;200&#8243; uncode_shortcode_id=&#8221;212817&#8243; css=&#8221;.vc_custom_1767350817193{margin-bottom: 100px !important;}&#8221;][vc_column column_width_percent=&#8221;100&#8243; position_vertical=&#8221;middle&#8221; gutter_size=&#8221;3&#8243; back_color=&#8221;color-910131&#8243; overlay_alpha=&#8221;50&#8243; shift_x=&#8221;0&#8243; shift_y=&#8221;0&#8243; shift_y_down=&#8221;0&#8243; z_index=&#8221;0&#8243; medium_width=&#8221;0&#8243; mobile_width=&#8221;0&#8243; width=&#8221;1\/2&#8243; el_class=&#8221;team_details_sec two_auto_h&#8221;][vc_single_image media=&#8221;82805&#8243; media_width_percent=&#8221;100&#8243; alignment=&#8221;center&#8221; el_class=&#8221;mobile_only&#8221;][vc_custom_heading text_color=&#8221;color-jevc&#8221; text_size=&#8221;&#8221; el_class=&#8221;team_name&#8221; uncode_shortcode_id=&#8221;273803&#8243; text_color_type=&#8221;uncode-palette&#8221;]Ronit Cohen[\/vc_custom_heading][vc_column_text el_class=&#8221;team_desc&#8221; uncode_shortcode_id=&#8221;127457&#8243;]<strong>International executive head hunter. <\/strong> Avendo lavorato e studiato a Tel Aviv, Manchester, Parigi e Milano, la passione di Ronit per la connessione tra persone di culture diverse attraverso il marketing e il reclutamento \u00e8 evidente. Da oltre 15 anni lavora a fianco di grandi marche e startup per sviluppare approcci di marketing altamente innovativi.<\/p>\n<p>Nel 2012 Ronit ha lasciato Tel Aviv per raggiungere un\u2019altra sponda del Mediterraneo, stabilendosi a Milano per agire come esperta di International Executive Search per Talent &#038; Values.[\/vc_column_text][vc_column_text el_class=&#8221;team_red_note&#8221; uncode_shortcode_id=&#8221;880965&#8243;]\u201cNever let your memories be greater than your dreams\u201d. Doug Ivester[\/vc_column_text][\/vc_column][vc_column column_width_percent=&#8221;100&#8243; gutter_size=&#8221;3&#8243; back_image=&#8221;84229&#8243; overlay_alpha=&#8221;50&#8243; shift_x=&#8221;0&#8243; shift_y=&#8221;0&#8243; shift_y_down=&#8221;0&#8243; z_index=&#8221;0&#8243; medium_width=&#8221;0&#8243; mobile_width=&#8221;0&#8243; width=&#8221;1\/2&#8243; el_class=&#8221;team_pic_sec desk_only&#8221; uncode_shortcode_id=&#8221;229475&#8243;][\/vc_column][\/vc_row]<\/p>\n<\/div>","protected":false},"excerpt":{"rendered":"<p>[vc_row unlock_row_content=&#8221;yes&#8221; row_height_percent=&#8221;0&#8243; override_padding=&#8221;yes&#8221; h_padding=&#8221;2&#8243; top_padding=&#8221;5&#8243; bottom_padding=&#8221;0&#8243; overlay_alpha=&#8221;0&#8243; gutter_size=&#8221;100&#8243; column_width_percent=&#8221;100&#8243; shift_y=&#8221;0&#8243; z_index=&#8221;0&#8243; style=&#8221;inherited&#8221; el_id=&#8221;about&#8221;][vc_column column_width_percent=&#8221;100&#8243; align_horizontal=&#8221;align_center&#8221; gutter_size=&#8221;4&#8243; overlay_alpha=&#8221;100&#8243; shift_x=&#8221;0&#8243; shift_y=&#8221;0&#8243; [&hellip;]<\/p>\n","protected":false},"author":1,"featured_media":0,"parent":0,"menu_order":0,"comment_status":"closed","ping_status":"closed","template":"","meta":{"_monsterinsights_skip_tracking":false,"_monsterinsights_sitenote_active":false,"_monsterinsights_sitenote_note":"","_monsterinsights_sitenote_category":0,"footnotes":""},"class_list":["post-83294","page","type-page","status-publish","hentry"],"yoast_head":"<!-- This site is optimized with the Yoast SEO Premium plugin v26.7 (Yoast SEO v26.9) - https:\/\/yoast.com\/product\/yoast-seo-premium-wordpress\/ -->\n<title>Team - Talent &amp; Values<\/title>\n<meta name=\"description\" content=\"Siamo una team multiculturale e multidisciplinare dedicata a alla ricerca e selezione di talenti in tutto il mondo con una vera passione per il comportamento umano e per i fattori di successo et d\u2019engagement sul lavoro.\" \/>\n<meta name=\"robots\" content=\"index, follow, max-snippet:-1, max-image-preview:large, max-video-preview:-1\" \/>\n<link rel=\"canonical\" href=\"https:\/\/www.talentvalues.net\/team\/\" \/>\n<meta property=\"og:locale\" content=\"it_IT\" \/>\n<meta property=\"og:type\" content=\"article\" \/>\n<meta property=\"og:title\" content=\"Team\" \/>\n<meta property=\"og:description\" content=\"Siamo una team multiculturale e multidisciplinare dedicata a alla ricerca e selezione di talenti in tutto il mondo con una vera passione per il comportamento umano e per i fattori di successo et d\u2019engagement sul lavoro.\" \/>\n<meta property=\"og:url\" content=\"https:\/\/www.talentvalues.net\/team\/\" \/>\n<meta property=\"og:site_name\" content=\"Talent &amp; Values\" \/>\n<meta property=\"article:modified_time\" content=\"2026-01-05T13:04:52+00:00\" \/>\n<meta name=\"twitter:card\" content=\"summary_large_image\" \/>\n<meta name=\"twitter:label1\" content=\"Tempo di lettura stimato\" \/>\n\t<meta name=\"twitter:data1\" content=\"4 minuti\" \/>\n<script type=\"application\/ld+json\" class=\"yoast-schema-graph\">{\"@context\":\"https:\/\/schema.org\",\"@graph\":[{\"@type\":\"WebPage\",\"@id\":\"https:\/\/www.talentvalues.net\/team\/\",\"url\":\"https:\/\/www.talentvalues.net\/team\/\",\"name\":\"Team - Talent &amp; Values\",\"isPartOf\":{\"@id\":\"https:\/\/www.talentvalues.net\/#website\"},\"datePublished\":\"2020-06-04T19:09:06+00:00\",\"dateModified\":\"2026-01-05T13:04:52+00:00\",\"description\":\"Siamo una team multiculturale e multidisciplinare dedicata a alla ricerca e selezione di talenti in tutto il mondo con una vera passione per il comportamento umano e per i fattori di successo et d\u2019engagement sul lavoro.\",\"breadcrumb\":{\"@id\":\"https:\/\/www.talentvalues.net\/team\/#breadcrumb\"},\"inLanguage\":\"it-IT\",\"potentialAction\":[{\"@type\":\"ReadAction\",\"target\":[\"https:\/\/www.talentvalues.net\/team\/\"]}]},{\"@type\":\"BreadcrumbList\",\"@id\":\"https:\/\/www.talentvalues.net\/team\/#breadcrumb\",\"itemListElement\":[{\"@type\":\"ListItem\",\"position\":1,\"name\":\"Home\",\"item\":\"https:\/\/www.talentvalues.net\/it\/\"},{\"@type\":\"ListItem\",\"position\":2,\"name\":\"Team\"}]},{\"@type\":\"WebSite\",\"@id\":\"https:\/\/www.talentvalues.net\/#website\",\"url\":\"https:\/\/www.talentvalues.net\/\",\"name\":\"Talent & Values\",\"description\":\"Web Executive Search\",\"publisher\":{\"@id\":\"https:\/\/www.talentvalues.net\/#organization\"},\"potentialAction\":[{\"@type\":\"SearchAction\",\"target\":{\"@type\":\"EntryPoint\",\"urlTemplate\":\"https:\/\/www.talentvalues.net\/?s={search_term_string}\"},\"query-input\":{\"@type\":\"PropertyValueSpecification\",\"valueRequired\":true,\"valueName\":\"search_term_string\"}}],\"inLanguage\":\"it-IT\"},{\"@type\":\"Organization\",\"@id\":\"https:\/\/www.talentvalues.net\/#organization\",\"name\":\"Talent & Values\",\"url\":\"https:\/\/www.talentvalues.net\/\",\"logo\":{\"@type\":\"ImageObject\",\"inLanguage\":\"it-IT\",\"@id\":\"https:\/\/www.talentvalues.net\/#\/schema\/logo\/image\/\",\"url\":\"https:\/\/www.talentvalues.net\/wp-content\/uploads\/2020\/06\/logo-min_black.png\",\"contentUrl\":\"https:\/\/www.talentvalues.net\/wp-content\/uploads\/2020\/06\/logo-min_black.png\",\"width\":162,\"height\":62,\"caption\":\"Talent & Values\"},\"image\":{\"@id\":\"https:\/\/www.talentvalues.net\/#\/schema\/logo\/image\/\"},\"sameAs\":[\"https:\/\/www.linkedin.com\/company\/ao-conseil\/\"]}]}<\/script>\n<!-- \/ Yoast SEO Premium plugin. -->","yoast_head_json":{"title":"Team - Talent &amp; Values","description":"Siamo una team multiculturale e multidisciplinare dedicata a alla ricerca e selezione di talenti in tutto il mondo con una vera passione per il comportamento umano e per i fattori di successo et d\u2019engagement sul lavoro.","robots":{"index":"index","follow":"follow","max-snippet":"max-snippet:-1","max-image-preview":"max-image-preview:large","max-video-preview":"max-video-preview:-1"},"canonical":"https:\/\/www.talentvalues.net\/team\/","og_locale":"it_IT","og_type":"article","og_title":"Team","og_description":"Siamo una team multiculturale e multidisciplinare dedicata a alla ricerca e selezione di talenti in tutto il mondo con una vera passione per il comportamento umano e per i fattori di successo et d\u2019engagement sul lavoro.","og_url":"https:\/\/www.talentvalues.net\/team\/","og_site_name":"Talent &amp; Values","article_modified_time":"2026-01-05T13:04:52+00:00","twitter_card":"summary_large_image","twitter_misc":{"Tempo di lettura stimato":"4 minuti"},"schema":{"@context":"https:\/\/schema.org","@graph":[{"@type":"WebPage","@id":"https:\/\/www.talentvalues.net\/team\/","url":"https:\/\/www.talentvalues.net\/team\/","name":"Team - Talent &amp; Values","isPartOf":{"@id":"https:\/\/www.talentvalues.net\/#website"},"datePublished":"2020-06-04T19:09:06+00:00","dateModified":"2026-01-05T13:04:52+00:00","description":"Siamo una team multiculturale e multidisciplinare dedicata a alla ricerca e selezione di talenti in tutto il mondo con una vera passione per il comportamento umano e per i fattori di successo et d\u2019engagement sul lavoro.","breadcrumb":{"@id":"https:\/\/www.talentvalues.net\/team\/#breadcrumb"},"inLanguage":"it-IT","potentialAction":[{"@type":"ReadAction","target":["https:\/\/www.talentvalues.net\/team\/"]}]},{"@type":"BreadcrumbList","@id":"https:\/\/www.talentvalues.net\/team\/#breadcrumb","itemListElement":[{"@type":"ListItem","position":1,"name":"Home","item":"https:\/\/www.talentvalues.net\/it\/"},{"@type":"ListItem","position":2,"name":"Team"}]},{"@type":"WebSite","@id":"https:\/\/www.talentvalues.net\/#website","url":"https:\/\/www.talentvalues.net\/","name":"Talent & Values","description":"Web Executive Search","publisher":{"@id":"https:\/\/www.talentvalues.net\/#organization"},"potentialAction":[{"@type":"SearchAction","target":{"@type":"EntryPoint","urlTemplate":"https:\/\/www.talentvalues.net\/?s={search_term_string}"},"query-input":{"@type":"PropertyValueSpecification","valueRequired":true,"valueName":"search_term_string"}}],"inLanguage":"it-IT"},{"@type":"Organization","@id":"https:\/\/www.talentvalues.net\/#organization","name":"Talent & Values","url":"https:\/\/www.talentvalues.net\/","logo":{"@type":"ImageObject","inLanguage":"it-IT","@id":"https:\/\/www.talentvalues.net\/#\/schema\/logo\/image\/","url":"https:\/\/www.talentvalues.net\/wp-content\/uploads\/2020\/06\/logo-min_black.png","contentUrl":"https:\/\/www.talentvalues.net\/wp-content\/uploads\/2020\/06\/logo-min_black.png","width":162,"height":62,"caption":"Talent & Values"},"image":{"@id":"https:\/\/www.talentvalues.net\/#\/schema\/logo\/image\/"},"sameAs":["https:\/\/www.linkedin.com\/company\/ao-conseil\/"]}]}},"_links":{"self":[{"href":"https:\/\/www.talentvalues.net\/it\/wp-json\/wp\/v2\/pages\/83294","targetHints":{"allow":["GET"]}}],"collection":[{"href":"https:\/\/www.talentvalues.net\/it\/wp-json\/wp\/v2\/pages"}],"about":[{"href":"https:\/\/www.talentvalues.net\/it\/wp-json\/wp\/v2\/types\/page"}],"author":[{"embeddable":true,"href":"https:\/\/www.talentvalues.net\/it\/wp-json\/wp\/v2\/users\/1"}],"replies":[{"embeddable":true,"href":"https:\/\/www.talentvalues.net\/it\/wp-json\/wp\/v2\/comments?post=83294"}],"version-history":[{"count":20,"href":"https:\/\/www.talentvalues.net\/it\/wp-json\/wp\/v2\/pages\/83294\/revisions"}],"predecessor-version":[{"id":84273,"href":"https:\/\/www.talentvalues.net\/it\/wp-json\/wp\/v2\/pages\/83294\/revisions\/84273"}],"wp:attachment":[{"href":"https:\/\/www.talentvalues.net\/it\/wp-json\/wp\/v2\/media?parent=83294"}],"curies":[{"name":"wp","href":"https:\/\/api.w.org\/{rel}","templated":true}]}}