{"id":83292,"date":"2020-06-04T19:09:06","date_gmt":"2020-06-04T19:09:06","guid":{"rendered":"http:\/\/www.talentvalues.net\/team\/"},"modified":"2026-01-05T12:54:04","modified_gmt":"2026-01-05T12:54:04","slug":"team","status":"publish","type":"page","link":"https:\/\/www.talentvalues.net\/fr\/team\/","title":{"rendered":"Team"},"content":{"rendered":"<div class=\"wpb-content-wrapper\"><p>[vc_row unlock_row_content=\u00a0\u00bbyes\u00a0\u00bb row_height_percent=\u00a0\u00bb0&Prime; override_padding=\u00a0\u00bbyes\u00a0\u00bb h_padding=\u00a0\u00bb2&Prime; top_padding=\u00a0\u00bb5&Prime; bottom_padding=\u00a0\u00bb0&Prime; overlay_alpha=\u00a0\u00bb0&Prime; gutter_size=\u00a0\u00bb100&Prime; column_width_percent=\u00a0\u00bb100&Prime; shift_y=\u00a0\u00bb0&Prime; z_index=\u00a0\u00bb0&Prime; style=\u00a0\u00bbinherited\u00a0\u00bb el_id=\u00a0\u00bbabout\u00a0\u00bb][vc_column column_width_percent=\u00a0\u00bb100&Prime; align_horizontal=\u00a0\u00bbalign_center\u00a0\u00bb gutter_size=\u00a0\u00bb4&Prime; overlay_alpha=\u00a0\u00bb100&Prime; shift_x=\u00a0\u00bb0&Prime; shift_y=\u00a0\u00bb0&Prime; z_index=\u00a0\u00bb0&Prime; medium_width=\u00a0\u00bb0&Prime; zoom_width=\u00a0\u00bb0&Prime; zoom_height=\u00a0\u00bb0&Prime; width=\u00a0\u00bb1\/1&Prime;][vc_custom_heading text_size=\u00a0\u00bbfontsize-338686&Prime; text_weight=\u00a0\u00bb100&Prime; text_space=\u00a0\u00bbfontspace-781688&Prime; el_class=\u00a0\u00bbsf_thin\u00a0\u00bb uncode_shortcode_id=\u00a0\u00bb100456&Prime;]Nice to <span class=\"rd\">meet you<\/span>[\/vc_custom_heading][vc_row_inner row_inner_height_percent=\u00a0\u00bb0&Prime; force_width_grid=\u00a0\u00bbyes\u00a0\u00bb overlay_alpha=\u00a0\u00bb100&Prime; gutter_size=\u00a0\u00bb3&Prime; shift_y=\u00a0\u00bb0&Prime; z_index=\u00a0\u00bb0&Prime; limit_content=\u00a0\u00bb\u00a0\u00bb el_class=\u00a0\u00bbtop_margin_ten\u00a0\u00bb][vc_column_inner column_width_use_pixel=\u00a0\u00bbyes\u00a0\u00bb align_horizontal=\u00a0\u00bbalign_center\u00a0\u00bb gutter_size=\u00a0\u00bb3&Prime; overlay_alpha=\u00a0\u00bb100&Prime; shift_x=\u00a0\u00bb0&Prime; shift_y=\u00a0\u00bb0&Prime; shift_y_down=\u00a0\u00bb0&Prime; z_index=\u00a0\u00bb0&Prime; medium_width=\u00a0\u00bb0&Prime; mobile_width=\u00a0\u00bb0&Prime; zoom_width=\u00a0\u00bb0&Prime; zoom_height=\u00a0\u00bb0&Prime; mobile_width_full=\u00a0\u00bb\u00a0\u00bb width=\u00a0\u00bb1\/1&Prime; column_width_pixel=\u00a0\u00bb1000&Prime;][vc_custom_heading text_font=\u00a0\u00bbfont-762333&Prime; text_transform=\u00a0\u00bbcapitalize\u00a0\u00bb text_space=\u00a0\u00bbfontspace-111509&Prime; sub_lead=\u00a0\u00bbyes\u00a0\u00bb sub_reduced=\u00a0\u00bbyes\u00a0\u00bb text_align=\u00a0\u00bbtext-center\u00a0\u00bb text_serif=\u00a0\u00bb\u00a0\u00bb subheading=\u00a0\u00bbNous sommes une \u00e9quipe multiculturelle et multidisciplinaire d\u00e9di\u00e9e \u00e0 mener nos missions de recrutement\/executive search partout dans le monde avec une v\u00e9ritable passion pour le comportement humain et les facteurs de r\u00e9ussite au travail.<\/p>\n<p>Notre expertise est bas\u00e9e sur notre background international combin\u00e9 \u00e0 plus de 20 ans d&rsquo;exp\u00e9rience en contact \u00e9troit avec les postes pour lesquels nous recrutons. Nous consid\u00e9rons notre culture internationale comme un v\u00e9ritable avantage concurrentiel. En effet, nos perspectives uniques nous permettent de briser les barri\u00e8res culturelles et de cr\u00e9er des matchings parfaits entre candidats et entreprises o\u00f9 qu&rsquo;ils soient sur la plan\u00e8te !<\/p>\n<p>Notre \u00e9quipe parle couramment le fran\u00e7ais, l&rsquo;anglais, l&rsquo;espagnol, l&rsquo;italien et l&rsquo;h\u00e9breu &#8211; n&rsquo;h\u00e9sitez pas \u00e0 nous laisser un mot \/ word \/ palabra \/ parola \/ \u05de\u05d9\u05dc\u05d4 \ud83d\ude09\u00a0\u00bb el_class=\u00a0\u00bbsf_light_intro\u00a0\u00bb][\/vc_custom_heading][\/vc_column_inner][\/vc_row_inner][\/vc_column][\/vc_row][vc_row unlock_row=\u00a0\u00bb\u00a0\u00bb row_height_percent=\u00a0\u00bb0&Prime; override_padding=\u00a0\u00bbyes\u00a0\u00bb h_padding=\u00a0\u00bb2&Prime; top_padding=\u00a0\u00bb5&Prime; bottom_padding=\u00a0\u00bb6&Prime; overlay_alpha=\u00a0\u00bb0&Prime; gutter_size=\u00a0\u00bb100&Prime; column_width_percent=\u00a0\u00bb100&Prime; shift_y=\u00a0\u00bb0&Prime; z_index=\u00a0\u00bb0&Prime; style=\u00a0\u00bbinherited\u00a0\u00bb el_id=\u00a0\u00bbabout\u00a0\u00bb][vc_column column_width_percent=\u00a0\u00bb100&Prime; align_horizontal=\u00a0\u00bbalign_center\u00a0\u00bb gutter_size=\u00a0\u00bb4&Prime; overlay_alpha=\u00a0\u00bb100&Prime; shift_x=\u00a0\u00bb0&Prime; shift_y=\u00a0\u00bb0&Prime; z_index=\u00a0\u00bb0&Prime; medium_width=\u00a0\u00bb0&Prime; zoom_width=\u00a0\u00bb0&Prime; zoom_height=\u00a0\u00bb0&Prime; width=\u00a0\u00bb1\/1&Prime;][vc_custom_heading text_size=\u00a0\u00bbfontsize-192627&Prime; text_weight=\u00a0\u00bb700&Prime; text_space=\u00a0\u00bbfontspace-781688&Prime; el_class=\u00a0\u00bbsf_semibold\u00a0\u00bb uncode_shortcode_id=\u00a0\u00bb139816&Prime;]4 raisons de travailler avec nous[\/vc_custom_heading][vc_row_inner row_inner_height_percent=\u00a0\u00bb0&Prime; overlay_alpha=\u00a0\u00bb50&Prime; gutter_size=\u00a0\u00bb3&Prime; shift_y=\u00a0\u00bb0&Prime; z_index=\u00a0\u00bb0&Prime; limit_content=\u00a0\u00bb\u00a0\u00bb el_class=\u00a0\u00bbintro_tp\u00a0\u00bb][vc_column_inner width=\u00a0\u00bb1\/4&Prime;][vc_custom_heading text_color=\u00a0\u00bbcolor-jevc\u00a0\u00bb heading_semantic=\u00a0\u00bbh3&Prime; text_size=\u00a0\u00bbh3&Prime; sub_reduced=\u00a0\u00bbyes\u00a0\u00bb subheading=\u00a0\u00bbNous sommes rapides et agiles<\/p>\n<hr \/>\n<p>\u00a0\u00bb text_align=\u00a0\u00bbtext-left\u00a0\u00bb text_serif=\u00a0\u00bb\u00a0\u00bb text_uppercase=\u00a0\u00bb\u00a0\u00bb el_class=\u00a0\u00bbteam_grid_head\u00a0\u00bb]#1[\/vc_custom_heading][vc_column_text el_class=\u00a0\u00bbteam_grid_txt\u00a0\u00bb]Nous sommes un cabinet de recrutement\/executive search \u00e0 taille humaine, ce qui nous permet de r\u00e9pondre rapidement \u00e0 nos clients et d&rsquo;accorder une attention particuli\u00e8re \u00e0 chacune de nos missions de recherche.[\/vc_column_text][\/vc_column_inner][vc_column_inner width=\u00a0\u00bb1\/4&Prime;][vc_custom_heading text_color=\u00a0\u00bbcolor-jevc\u00a0\u00bb heading_semantic=\u00a0\u00bbh3&Prime; text_size=\u00a0\u00bbfontsize-182539&Prime; sub_reduced=\u00a0\u00bbyes\u00a0\u00bb subheading=\u00a0\u00bbNous joignons la parole \u00e0 l\u2019action<\/p>\n<hr \/>\n<p>\u00a0\u00bb text_align=\u00a0\u00bbtext-left\u00a0\u00bb text_serif=\u00a0\u00bb\u00a0\u00bb text_uppercase=\u00a0\u00bb\u00a0\u00bb el_class=\u00a0\u00bbteam_grid_head\u00a0\u00bb]#2[\/vc_custom_heading][vc_column_text el_class=\u00a0\u00bbteam_grid_txt\u00a0\u00bb]Que nous conseillions nos clients sur la meilleure fa\u00e7on d&rsquo;investir dans leurs \u00e9quipes, ou les candidats sur les raisons d&rsquo;envisager un changement de poste, les enjeux sont trop importants pour que nous soyons moyens. Donc nous pensons les choses en grand, nous travaillons dur et nous d\u00e9livrons des r\u00e9sultats avec une \u00e9thique et une vraie attention apport\u00e9e \u00e0 l\u2019excellence.[\/vc_column_text][\/vc_column_inner][vc_column_inner width=\u00a0\u00bb1\/4&Prime;][vc_custom_heading text_color=\u00a0\u00bbcolor-jevc\u00a0\u00bb heading_semantic=\u00a0\u00bbh3&Prime; text_size=\u00a0\u00bbfontsize-182539&Prime; sub_reduced=\u00a0\u00bbyes\u00a0\u00bb subheading=\u00a0\u00bbL\u2019international est dans notre ADN<\/p>\n<hr \/>\n<p>\u00a0\u00bb text_align=\u00a0\u00bbtext-left\u00a0\u00bb text_serif=\u00a0\u00bb\u00a0\u00bb text_uppercase=\u00a0\u00bb\u00a0\u00bb el_class=\u00a0\u00bbteam_grid_head\u00a0\u00bb]#3[\/vc_custom_heading][vc_column_text el_class=\u00a0\u00bbteam_grid_txt\u00a0\u00bb]Nous avons toutes grandi dans des pays diff\u00e9rents et nous parlons couramment 5 langues. Ce qui signifie que nous sommes capables de d\u00e9coder les interactions humaines et les dynamiques sociales dans divers contextes culturels.[\/vc_column_text][\/vc_column_inner][vc_column_inner width=\u00a0\u00bb1\/4&Prime;][vc_custom_heading text_color=\u00a0\u00bbcolor-jevc\u00a0\u00bb heading_semantic=\u00a0\u00bbh3&Prime; text_size=\u00a0\u00bbfontsize-182539&Prime; sub_reduced=\u00a0\u00bbyes\u00a0\u00bb subheading=\u00a0\u00bbNous faisons ressortir ce qu\u2019il y a de mieux chez vous<\/p>\n<hr \/>\n<p>\u00a0\u00bb text_align=\u00a0\u00bbtext-left\u00a0\u00bb text_serif=\u00a0\u00bb\u00a0\u00bb text_uppercase=\u00a0\u00bb\u00a0\u00bb el_class=\u00a0\u00bbteam_grid_head\u00a0\u00bb]#4[\/vc_custom_heading][vc_column_text el_class=\u00a0\u00bbteam_grid_txt\u00a0\u00bb]Plus que jamais, une approche du recrutement personnalis\u00e9e et bien market\u00e9e est la cl\u00e9 pour r\u00e9ussir. L&rsquo;une de nos plus grandes forces r\u00e9side dans notre capacit\u00e9 \u00e0 cr\u00e9er le storytelling qu\u2019il vous faut pour attirer les meilleurs talents gr\u00e2ce \u00e0 des fiches de postes s\u00e9duisantes sans jamais enjoliver les choses.[\/vc_column_text][\/vc_column_inner][\/vc_row_inner][\/vc_column][\/vc_row][vc_row row_height_percent=\u00a0\u00bb0&Prime; override_padding=\u00a0\u00bbyes\u00a0\u00bb h_padding=\u00a0\u00bb0&Prime; top_padding=\u00a0\u00bb0&Prime; bottom_padding=\u00a0\u00bb0&Prime; overlay_alpha=\u00a0\u00bb50&Prime; equal_height=\u00a0\u00bbyes\u00a0\u00bb gutter_size=\u00a0\u00bb0&Prime; column_width_percent=\u00a0\u00bb100&Prime; shift_y=\u00a0\u00bb0&Prime; z_index=\u00a0\u00bb0&Prime; el_class=\u00a0\u00bbteam_full_row\u00a0\u00bb row_height_pixel=\u00a0\u00bb200&Prime;][vc_column column_width_percent=\u00a0\u00bb100&Prime; position_vertical=\u00a0\u00bbmiddle\u00a0\u00bb gutter_size=\u00a0\u00bb3&Prime; back_image=\u00a0\u00bb84230&Prime; overlay_alpha=\u00a0\u00bb50&Prime; shift_x=\u00a0\u00bb0&Prime; shift_y=\u00a0\u00bb0&Prime; shift_y_down=\u00a0\u00bb0&Prime; z_index=\u00a0\u00bb0&Prime; medium_width=\u00a0\u00bb0&Prime; mobile_width=\u00a0\u00bb0&Prime; width=\u00a0\u00bb1\/2&Prime; el_class=\u00a0\u00bbteam_pic_sec\u00a0\u00bb uncode_shortcode_id=\u00a0\u00bb208715&Prime;][\/vc_column][vc_column column_width_percent=\u00a0\u00bb100&Prime; gutter_size=\u00a0\u00bb3&Prime; back_color=\u00a0\u00bbcolor-910131&Prime; overlay_alpha=\u00a0\u00bb50&Prime; shift_x=\u00a0\u00bb0&Prime; shift_y=\u00a0\u00bb0&Prime; shift_y_down=\u00a0\u00bb0&Prime; z_index=\u00a0\u00bb0&Prime; medium_width=\u00a0\u00bb0&Prime; mobile_width=\u00a0\u00bb0&Prime; width=\u00a0\u00bb1\/2&Prime; el_class=\u00a0\u00bbteam_details_sec one_auto_h\u00a0\u00bb][vc_custom_heading text_color=\u00a0\u00bbcolor-jevc\u00a0\u00bb text_size=\u00a0\u00bb\u00a0\u00bb el_class=\u00a0\u00bbteam_name\u00a0\u00bb]Orit Suleyman[\/vc_custom_heading][vc_column_text el_class=\u00a0\u00bbteam_desc\u00a0\u00bb uncode_shortcode_id=\u00a0\u00bb840140&Prime;]<strong>Fondatrice et directrice g\u00e9n\u00e9rale. <\/strong>Citoyenne du monde, Orit a v\u00e9cu dans 3 pays et parle 5 langues : le multiculturel est dans son ADN et sa compr\u00e9hension de l\u2019humain ne conna\u00eet pas de fronti\u00e8res !<\/p>\n<p>Passionn\u00e9e des sujets li\u00e9s \u00e0 la motivation des gens et \u00e0 leur engagement dans la r\u00e9ussite des entreprises, Orit cr\u00e9e Talent &amp; Values en 2007, d\u00e9sireuse de faire bouger les lignes et de recruter autrement. Elle va aujourd\u2019hui plus loin et sponsorise un projet sur l\u2019Agilit\u00e9 en partenariat avec l\u2019Universit\u00e9 Paris Descartes, autour des nouvelles postures qui accompagneront la r\u00e9ussite de demain.[\/vc_column_text][vc_column_text el_class=\u00a0\u00bbteam_red_note\u00a0\u00bb]\u201cI never dreamed of success. I worked for it.\u201d Est\u00e9e Lauder[\/vc_column_text][\/vc_column][\/vc_row][vc_row row_height_percent=\u00a0\u00bb0&Prime; override_padding=\u00a0\u00bbyes\u00a0\u00bb h_padding=\u00a0\u00bb0&Prime; top_padding=\u00a0\u00bb0&Prime; bottom_padding=\u00a0\u00bb0&Prime; overlay_alpha=\u00a0\u00bb50&Prime; equal_height=\u00a0\u00bbyes\u00a0\u00bb gutter_size=\u00a0\u00bb0&Prime; column_width_percent=\u00a0\u00bb100&Prime; shift_y=\u00a0\u00bb0&Prime; z_index=\u00a0\u00bb0&Prime; content_parallax=\u00a0\u00bb0&Prime; el_class=\u00a0\u00bbteam_full_row\u00a0\u00bb row_height_pixel=\u00a0\u00bb200&Prime; uncode_shortcode_id=\u00a0\u00bb588379&Prime; css=\u00a0\u00bb.vc_custom_1767274686281{margin-bottom: 100px !important;}\u00a0\u00bb][vc_column column_width_percent=\u00a0\u00bb100&Prime; position_vertical=\u00a0\u00bbmiddle\u00a0\u00bb gutter_size=\u00a0\u00bb3&Prime; back_color=\u00a0\u00bbcolor-910131&Prime; overlay_alpha=\u00a0\u00bb50&Prime; shift_x=\u00a0\u00bb0&Prime; shift_y=\u00a0\u00bb0&Prime; shift_y_down=\u00a0\u00bb0&Prime; z_index=\u00a0\u00bb0&Prime; medium_width=\u00a0\u00bb0&Prime; mobile_width=\u00a0\u00bb0&Prime; width=\u00a0\u00bb1\/2&Prime; el_class=\u00a0\u00bbteam_details_sec two_auto_h\u00a0\u00bb][vc_single_image media=\u00a0\u00bb82805&Prime; media_width_percent=\u00a0\u00bb100&Prime; alignment=\u00a0\u00bbcenter\u00a0\u00bb el_class=\u00a0\u00bbmobile_only\u00a0\u00bb][vc_custom_heading text_color=\u00a0\u00bbcolor-jevc\u00a0\u00bb text_size=\u00a0\u00bb\u00a0\u00bb el_class=\u00a0\u00bbteam_name\u00a0\u00bb uncode_shortcode_id=\u00a0\u00bb105575&Prime; text_color_type=\u00a0\u00bbuncode-palette\u00a0\u00bb]Ronit Cohen[\/vc_custom_heading][vc_column_text el_class=\u00a0\u00bbteam_desc\u00a0\u00bb uncode_shortcode_id=\u00a0\u00bb902973&Prime;]<strong>International executive head hunter. <\/strong> En ayant travaill\u00e9 et \u00e9tudi\u00e9 \u00e0 Tel-Aviv, Manchester, Paris et Milan, la passion de Ronit pour la cr\u00e9ation de liens entre les personnes et les cultures via le marketing et le recrutement est une \u00e9vidence. Pendant plus de 15 ans, elle a travaill\u00e9 aux c\u00f4t\u00e9s de marques mondiales et de startups pour d\u00e9velopper des approches marketing tr\u00e8s innovantes.<\/p>\n<p>En 2012, elle quitte Tel-Aviv pour rejoindre une autre rive de la M\u00e9diterran\u00e9e puisque c\u2019est \u00e0 Milan que Ronit s\u2019\u00e9tablit pour agir en tant qu\u2019experte International Executive Search de Talent &amp; Values.[\/vc_column_text][vc_column_text el_class=\u00a0\u00bbteam_red_note\u00a0\u00bb uncode_shortcode_id=\u00a0\u00bb652732&Prime;]\u201cNever let your memories be greater than your dreams\u201d. Doug Ivester[\/vc_column_text][\/vc_column][vc_column column_width_percent=\u00a0\u00bb100&Prime; gutter_size=\u00a0\u00bb3&Prime; back_image=\u00a0\u00bb84227&Prime; overlay_alpha=\u00a0\u00bb50&Prime; shift_x=\u00a0\u00bb0&Prime; shift_y=\u00a0\u00bb0&Prime; shift_y_down=\u00a0\u00bb0&Prime; z_index=\u00a0\u00bb0&Prime; medium_width=\u00a0\u00bb0&Prime; mobile_width=\u00a0\u00bb0&Prime; width=\u00a0\u00bb1\/2&Prime; el_class=\u00a0\u00bbteam_pic_sec desk_only\u00a0\u00bb uncode_shortcode_id=\u00a0\u00bb196112&Prime;][\/vc_column][\/vc_row]<\/p>\n<\/div>","protected":false},"excerpt":{"rendered":"<p>[vc_row unlock_row_content=\u00a0\u00bbyes\u00a0\u00bb row_height_percent=\u00a0\u00bb0&Prime; override_padding=\u00a0\u00bbyes\u00a0\u00bb h_padding=\u00a0\u00bb2&Prime; top_padding=\u00a0\u00bb5&Prime; bottom_padding=\u00a0\u00bb0&Prime; overlay_alpha=\u00a0\u00bb0&Prime; gutter_size=\u00a0\u00bb100&Prime; column_width_percent=\u00a0\u00bb100&Prime; shift_y=\u00a0\u00bb0&Prime; z_index=\u00a0\u00bb0&Prime; style=\u00a0\u00bbinherited\u00a0\u00bb el_id=\u00a0\u00bbabout\u00a0\u00bb][vc_column column_width_percent=\u00a0\u00bb100&Prime; align_horizontal=\u00a0\u00bbalign_center\u00a0\u00bb gutter_size=\u00a0\u00bb4&Prime; overlay_alpha=\u00a0\u00bb100&Prime; shift_x=\u00a0\u00bb0&Prime; shift_y=\u00a0\u00bb0&Prime; [&hellip;]<\/p>\n","protected":false},"author":1,"featured_media":0,"parent":0,"menu_order":0,"comment_status":"closed","ping_status":"closed","template":"","meta":{"_monsterinsights_skip_tracking":false,"_monsterinsights_sitenote_active":false,"_monsterinsights_sitenote_note":"","_monsterinsights_sitenote_category":0,"footnotes":""},"class_list":["post-83292","page","type-page","status-publish","hentry"],"yoast_head":"<!-- This site is optimized with the Yoast SEO Premium plugin v26.7 (Yoast SEO v27.4) - https:\/\/yoast.com\/product\/yoast-seo-premium-wordpress\/ -->\n<title>Team - Talent &amp; Values<\/title>\n<meta name=\"description\" content=\"Nous sommes une \u00e9quipe multiculturelle et multidisciplinaire d\u00e9di\u00e9e \u00e0 mener nos missions d\u2019Executive Search partout dans le monde avec une v\u00e9ritable passion pour le comportement humain, l\u2019engagement et les facteurs de r\u00e9ussite au travail.\" \/>\n<meta name=\"robots\" content=\"index, follow, max-snippet:-1, max-image-preview:large, max-video-preview:-1\" \/>\n<link rel=\"canonical\" href=\"https:\/\/www.talentvalues.net\/team\/\" \/>\n<meta property=\"og:locale\" content=\"fr_FR\" \/>\n<meta property=\"og:type\" content=\"article\" \/>\n<meta property=\"og:title\" content=\"Team\" \/>\n<meta property=\"og:description\" content=\"Nous sommes une \u00e9quipe multiculturelle et multidisciplinaire d\u00e9di\u00e9e \u00e0 mener nos missions d\u2019Executive Search partout dans le monde avec une v\u00e9ritable passion pour le comportement humain, l\u2019engagement et les facteurs de r\u00e9ussite au travail.\" \/>\n<meta property=\"og:url\" content=\"https:\/\/www.talentvalues.net\/team\/\" \/>\n<meta property=\"og:site_name\" content=\"Talent &amp; Values\" \/>\n<meta property=\"article:modified_time\" content=\"2026-01-05T12:54:04+00:00\" \/>\n<meta name=\"twitter:card\" content=\"summary_large_image\" \/>\n<meta name=\"twitter:label1\" content=\"Dur\u00e9e de lecture estim\u00e9e\" \/>\n\t<meta name=\"twitter:data1\" content=\"4 minutes\" \/>\n<script type=\"application\/ld+json\" class=\"yoast-schema-graph\">{\"@context\":\"https:\\\/\\\/schema.org\",\"@graph\":[{\"@type\":\"WebPage\",\"@id\":\"https:\\\/\\\/www.talentvalues.net\\\/team\\\/\",\"url\":\"https:\\\/\\\/www.talentvalues.net\\\/team\\\/\",\"name\":\"Team - Talent &amp; Values\",\"isPartOf\":{\"@id\":\"https:\\\/\\\/www.talentvalues.net\\\/#website\"},\"datePublished\":\"2020-06-04T19:09:06+00:00\",\"dateModified\":\"2026-01-05T12:54:04+00:00\",\"description\":\"Nous sommes une \u00e9quipe multiculturelle et multidisciplinaire d\u00e9di\u00e9e \u00e0 mener nos missions d\u2019Executive Search partout dans le monde avec une v\u00e9ritable passion pour le comportement humain, l\u2019engagement et les facteurs de r\u00e9ussite au travail.\",\"breadcrumb\":{\"@id\":\"https:\\\/\\\/www.talentvalues.net\\\/team\\\/#breadcrumb\"},\"inLanguage\":\"fr-FR\",\"potentialAction\":[{\"@type\":\"ReadAction\",\"target\":[\"https:\\\/\\\/www.talentvalues.net\\\/team\\\/\"]}]},{\"@type\":\"BreadcrumbList\",\"@id\":\"https:\\\/\\\/www.talentvalues.net\\\/team\\\/#breadcrumb\",\"itemListElement\":[{\"@type\":\"ListItem\",\"position\":1,\"name\":\"Home\",\"item\":\"https:\\\/\\\/www.talentvalues.net\\\/\"},{\"@type\":\"ListItem\",\"position\":2,\"name\":\"Team\"}]},{\"@type\":\"WebSite\",\"@id\":\"https:\\\/\\\/www.talentvalues.net\\\/#website\",\"url\":\"https:\\\/\\\/www.talentvalues.net\\\/\",\"name\":\"Talent & Values\",\"description\":\"Web Executive Search\",\"publisher\":{\"@id\":\"https:\\\/\\\/www.talentvalues.net\\\/#organization\"},\"potentialAction\":[{\"@type\":\"SearchAction\",\"target\":{\"@type\":\"EntryPoint\",\"urlTemplate\":\"https:\\\/\\\/www.talentvalues.net\\\/?s={search_term_string}\"},\"query-input\":{\"@type\":\"PropertyValueSpecification\",\"valueRequired\":true,\"valueName\":\"search_term_string\"}}],\"inLanguage\":\"fr-FR\"},{\"@type\":\"Organization\",\"@id\":\"https:\\\/\\\/www.talentvalues.net\\\/#organization\",\"name\":\"Talent & Values\",\"url\":\"https:\\\/\\\/www.talentvalues.net\\\/\",\"logo\":{\"@type\":\"ImageObject\",\"inLanguage\":\"fr-FR\",\"@id\":\"https:\\\/\\\/www.talentvalues.net\\\/#\\\/schema\\\/logo\\\/image\\\/\",\"url\":\"https:\\\/\\\/www.talentvalues.net\\\/wp-content\\\/uploads\\\/2020\\\/06\\\/logo-min_black.png\",\"contentUrl\":\"https:\\\/\\\/www.talentvalues.net\\\/wp-content\\\/uploads\\\/2020\\\/06\\\/logo-min_black.png\",\"width\":162,\"height\":62,\"caption\":\"Talent & Values\"},\"image\":{\"@id\":\"https:\\\/\\\/www.talentvalues.net\\\/#\\\/schema\\\/logo\\\/image\\\/\"},\"sameAs\":[\"https:\\\/\\\/www.linkedin.com\\\/company\\\/ao-conseil\\\/\"]}]}<\/script>\n<!-- \/ Yoast SEO Premium plugin. -->","yoast_head_json":{"title":"Team - Talent &amp; Values","description":"Nous sommes une \u00e9quipe multiculturelle et multidisciplinaire d\u00e9di\u00e9e \u00e0 mener nos missions d\u2019Executive Search partout dans le monde avec une v\u00e9ritable passion pour le comportement humain, l\u2019engagement et les facteurs de r\u00e9ussite au travail.","robots":{"index":"index","follow":"follow","max-snippet":"max-snippet:-1","max-image-preview":"max-image-preview:large","max-video-preview":"max-video-preview:-1"},"canonical":"https:\/\/www.talentvalues.net\/team\/","og_locale":"fr_FR","og_type":"article","og_title":"Team","og_description":"Nous sommes une \u00e9quipe multiculturelle et multidisciplinaire d\u00e9di\u00e9e \u00e0 mener nos missions d\u2019Executive Search partout dans le monde avec une v\u00e9ritable passion pour le comportement humain, l\u2019engagement et les facteurs de r\u00e9ussite au travail.","og_url":"https:\/\/www.talentvalues.net\/team\/","og_site_name":"Talent &amp; Values","article_modified_time":"2026-01-05T12:54:04+00:00","twitter_card":"summary_large_image","twitter_misc":{"Dur\u00e9e de lecture estim\u00e9e":"4 minutes"},"schema":{"@context":"https:\/\/schema.org","@graph":[{"@type":"WebPage","@id":"https:\/\/www.talentvalues.net\/team\/","url":"https:\/\/www.talentvalues.net\/team\/","name":"Team - Talent &amp; Values","isPartOf":{"@id":"https:\/\/www.talentvalues.net\/#website"},"datePublished":"2020-06-04T19:09:06+00:00","dateModified":"2026-01-05T12:54:04+00:00","description":"Nous sommes une \u00e9quipe multiculturelle et multidisciplinaire d\u00e9di\u00e9e \u00e0 mener nos missions d\u2019Executive Search partout dans le monde avec une v\u00e9ritable passion pour le comportement humain, l\u2019engagement et les facteurs de r\u00e9ussite au travail.","breadcrumb":{"@id":"https:\/\/www.talentvalues.net\/team\/#breadcrumb"},"inLanguage":"fr-FR","potentialAction":[{"@type":"ReadAction","target":["https:\/\/www.talentvalues.net\/team\/"]}]},{"@type":"BreadcrumbList","@id":"https:\/\/www.talentvalues.net\/team\/#breadcrumb","itemListElement":[{"@type":"ListItem","position":1,"name":"Home","item":"https:\/\/www.talentvalues.net\/"},{"@type":"ListItem","position":2,"name":"Team"}]},{"@type":"WebSite","@id":"https:\/\/www.talentvalues.net\/#website","url":"https:\/\/www.talentvalues.net\/","name":"Talent & Values","description":"Web Executive Search","publisher":{"@id":"https:\/\/www.talentvalues.net\/#organization"},"potentialAction":[{"@type":"SearchAction","target":{"@type":"EntryPoint","urlTemplate":"https:\/\/www.talentvalues.net\/?s={search_term_string}"},"query-input":{"@type":"PropertyValueSpecification","valueRequired":true,"valueName":"search_term_string"}}],"inLanguage":"fr-FR"},{"@type":"Organization","@id":"https:\/\/www.talentvalues.net\/#organization","name":"Talent & Values","url":"https:\/\/www.talentvalues.net\/","logo":{"@type":"ImageObject","inLanguage":"fr-FR","@id":"https:\/\/www.talentvalues.net\/#\/schema\/logo\/image\/","url":"https:\/\/www.talentvalues.net\/wp-content\/uploads\/2020\/06\/logo-min_black.png","contentUrl":"https:\/\/www.talentvalues.net\/wp-content\/uploads\/2020\/06\/logo-min_black.png","width":162,"height":62,"caption":"Talent & Values"},"image":{"@id":"https:\/\/www.talentvalues.net\/#\/schema\/logo\/image\/"},"sameAs":["https:\/\/www.linkedin.com\/company\/ao-conseil\/"]}]}},"_links":{"self":[{"href":"https:\/\/www.talentvalues.net\/fr\/wp-json\/wp\/v2\/pages\/83292","targetHints":{"allow":["GET"]}}],"collection":[{"href":"https:\/\/www.talentvalues.net\/fr\/wp-json\/wp\/v2\/pages"}],"about":[{"href":"https:\/\/www.talentvalues.net\/fr\/wp-json\/wp\/v2\/types\/page"}],"author":[{"embeddable":true,"href":"https:\/\/www.talentvalues.net\/fr\/wp-json\/wp\/v2\/users\/1"}],"replies":[{"embeddable":true,"href":"https:\/\/www.talentvalues.net\/fr\/wp-json\/wp\/v2\/comments?post=83292"}],"version-history":[{"count":22,"href":"https:\/\/www.talentvalues.net\/fr\/wp-json\/wp\/v2\/pages\/83292\/revisions"}],"predecessor-version":[{"id":84267,"href":"https:\/\/www.talentvalues.net\/fr\/wp-json\/wp\/v2\/pages\/83292\/revisions\/84267"}],"wp:attachment":[{"href":"https:\/\/www.talentvalues.net\/fr\/wp-json\/wp\/v2\/media?parent=83292"}],"curies":[{"name":"wp","href":"https:\/\/api.w.org\/{rel}","templated":true}]}}